{"id":2,"date":"2025-06-18T19:19:51","date_gmt":"2025-06-18T17:19:51","guid":{"rendered":"http:\/\/grande-ecoute-lyon.fr\/?page_id=2"},"modified":"2025-07-11T12:17:46","modified_gmt":"2025-07-11T10:17:46","slug":"page-d-exemple","status":"publish","type":"page","link":"https:\/\/grande-ecoute-lyon.fr\/","title":{"rendered":"&#8220;La Grande \u00c9coute&#8221; \u00e0 Lyon"},"content":{"rendered":"\n<div class=\"wp-block-group is-nowrap is-layout-flex wp-container-core-group-is-layout-6c531013 wp-block-group-is-layout-flex\">\n<div class=\"wp-block-group alignwide is-nowrap is-layout-flex wp-container-core-group-is-layout-6c531013 wp-block-group-is-layout-flex\">\n<figure class=\"wp-block-gallery alignwide has-nested-images columns-default is-cropped wp-block-gallery-1 is-layout-flex wp-block-gallery-is-layout-flex\">\n<figure class=\"wp-block-image size-large\"><img loading=\"lazy\" decoding=\"async\" width=\"1024\" height=\"683\" data-id=\"76\" src=\"https:\/\/grande-ecoute-lyon.fr\/wp-content\/uploads\/2025\/07\/DSC02859-1024x683.jpeg\" alt=\"\" class=\"wp-image-76\" srcset=\"https:\/\/grande-ecoute-lyon.fr\/wp-content\/uploads\/2025\/07\/DSC02859-1024x683.jpeg 1024w, https:\/\/grande-ecoute-lyon.fr\/wp-content\/uploads\/2025\/07\/DSC02859-300x200.jpeg 300w, https:\/\/grande-ecoute-lyon.fr\/wp-content\/uploads\/2025\/07\/DSC02859-2000x1333.jpeg 2000w\" sizes=\"auto, (max-width: 1024px) 100vw, 1024px\" \/><\/figure>\n\n\n\n<figure class=\"wp-block-image size-large\"><img loading=\"lazy\" decoding=\"async\" width=\"1024\" height=\"683\" data-id=\"78\" src=\"https:\/\/grande-ecoute-lyon.fr\/wp-content\/uploads\/2025\/07\/DSC02832-1-1024x683.jpeg\" alt=\"\" class=\"wp-image-78\" srcset=\"https:\/\/grande-ecoute-lyon.fr\/wp-content\/uploads\/2025\/07\/DSC02832-1-1024x683.jpeg 1024w, https:\/\/grande-ecoute-lyon.fr\/wp-content\/uploads\/2025\/07\/DSC02832-1-300x200.jpeg 300w, https:\/\/grande-ecoute-lyon.fr\/wp-content\/uploads\/2025\/07\/DSC02832-1-2000x1333.jpeg 2000w\" sizes=\"auto, (max-width: 1024px) 100vw, 1024px\" \/><\/figure>\n\n\n\n<figure class=\"wp-block-image size-large\"><img loading=\"lazy\" decoding=\"async\" width=\"1024\" height=\"683\" data-id=\"79\" src=\"https:\/\/grande-ecoute-lyon.fr\/wp-content\/uploads\/2025\/07\/DSC02870-1024x683.jpeg\" alt=\"\" class=\"wp-image-79\" srcset=\"https:\/\/grande-ecoute-lyon.fr\/wp-content\/uploads\/2025\/07\/DSC02870-1024x683.jpeg 1024w, https:\/\/grande-ecoute-lyon.fr\/wp-content\/uploads\/2025\/07\/DSC02870-300x200.jpeg 300w, https:\/\/grande-ecoute-lyon.fr\/wp-content\/uploads\/2025\/07\/DSC02870-2000x1333.jpeg 2000w\" sizes=\"auto, (max-width: 1024px) 100vw, 1024px\" \/><\/figure>\n\n\n\n<figure class=\"wp-block-image size-large\"><img loading=\"lazy\" decoding=\"async\" width=\"1024\" height=\"683\" data-id=\"80\" src=\"https:\/\/grande-ecoute-lyon.fr\/wp-content\/uploads\/2025\/07\/DSC02884-1024x683.jpeg\" alt=\"\" class=\"wp-image-80\" srcset=\"https:\/\/grande-ecoute-lyon.fr\/wp-content\/uploads\/2025\/07\/DSC02884-1024x683.jpeg 1024w, https:\/\/grande-ecoute-lyon.fr\/wp-content\/uploads\/2025\/07\/DSC02884-300x200.jpeg 300w, https:\/\/grande-ecoute-lyon.fr\/wp-content\/uploads\/2025\/07\/DSC02884-2000x1333.jpeg 2000w\" sizes=\"auto, (max-width: 1024px) 100vw, 1024px\" \/><\/figure>\n\n\n\n<figure class=\"wp-block-image size-large\"><img loading=\"lazy\" decoding=\"async\" width=\"1024\" height=\"683\" data-id=\"81\" src=\"https:\/\/grande-ecoute-lyon.fr\/wp-content\/uploads\/2025\/07\/DSC02906-1024x683.jpeg\" alt=\"\" class=\"wp-image-81\" srcset=\"https:\/\/grande-ecoute-lyon.fr\/wp-content\/uploads\/2025\/07\/DSC02906-1024x683.jpeg 1024w, https:\/\/grande-ecoute-lyon.fr\/wp-content\/uploads\/2025\/07\/DSC02906-300x200.jpeg 300w, https:\/\/grande-ecoute-lyon.fr\/wp-content\/uploads\/2025\/07\/DSC02906-2000x1333.jpeg 2000w\" sizes=\"auto, (max-width: 1024px) 100vw, 1024px\" \/><\/figure>\n<\/figure>\n<\/div>\n<\/div>\n\n\n\n<p>Les \u00c9cologistes de Lyon lancent l&#8217;op\u00e9ration &#8220;La Grande \u00c9coute&#8221;, une d\u00e9marche citoyenne qui se d\u00e9roulera de d\u00e9but juillet \u00e0 d\u00e9but octobre 2025.<br><\/p>\n\n\n\n<h3 class=\"wp-block-heading\">L&#8217;op\u00e9ration<\/h3>\n\n\n\n<p>L&#8217;objectif est d&#8217;aller \u00e0 la rencontre des habitantes et habitants de tous les arrondissements de Lyon pour recueillir leur parole, leurs attentes et leurs espoirs. Cette initiative vise \u00e0 retisser du lien d\u00e9mocratique et \u00e0 interroger le quotidien des Lyonnais. Il s&#8217;agit d&#8217;un acte d\u00e9mocratique, et non d&#8217;une simple consultation.<\/p>\n\n\n\n<h3 class=\"wp-block-heading\">Principe et d\u00e9roul\u00e9:<\/h3>\n\n\n\n<p>Concr\u00e8tement, des \u00e9quipes de 2 \u00e0 3 personnes se d\u00e9ploieront dans 200 \u00e0 220 lieux de passage comme les march\u00e9s, les squares ou les sorties d&#8217;\u00e9cole. La m\u00e9thode repose sur une \u00e9coute active et bienveillante, avec des questions ouvertes telles que : \u00ab Qu&#8217;est-ce que vous aimez dans votre quartier ? \u00bb ou \u00ab Qu&#8217;est-ce qui pourrait rendre la vie encore meilleure ? \u00bb. <br>L&#8217;objectif n&#8217;est pas de vous convaincre, mais de vous \u00e9couter et de vous&nbsp;comprendre.<\/p>\n\n\n<p><iframe loading=\"lazy\" width=\"100%\" height=\"500px\" frameborder=\"0\" allowfullscreen allow=\"geolocation\" src=\"\/\/umap.openstreetmap.fr\/fr\/map\/la-grande-ecoute_1245015?scaleControl=false&#038;miniMap=false&#038;scrollWheelZoom=false&#038;zoomControl=true&#038;editMode=disabled&#038;moreControl=true&#038;searchControl=null&#038;tilelayersControl=null&#038;embedControl=null&#038;datalayersControl=true&#038;onLoadPanel=none&#038;captionBar=false&#038;captionMenus=true\"><\/iframe><\/p>\n<p><a href=\"\/\/umap.openstreetmap.fr\/fr\/map\/la-grande-ecoute_1245015?scaleControl=false&#038;miniMap=false&#038;scrollWheelZoom=true&#038;zoomControl=true&#038;editMode=disabled&#038;moreControl=true&#038;searchControl=null&#038;tilelayersControl=null&#038;embedControl=null&#038;datalayersControl=true&#038;onLoadPanel=none&#038;captionBar=false&#038;captionMenus=true\">Voir en plein\u00a0\u00e9cran<\/a><\/p>\n\n\n\n<h3 class=\"wp-block-heading\">Vous voulez en savoir plus ?<\/h3>\n\n\n<div class=\"frm_forms  with_frm_style frm_style_style-formidable\" id=\"frm_form_2_container\" data-token=\"b135b302df2196a260a4e76f49be985f\">\n<form enctype=\"multipart\/form-data\" method=\"post\" class=\"frm-show-form \" id=\"form_contact\" data-token=\"b135b302df2196a260a4e76f49be985f\">\n<div class=\"frm_form_fields \">\n<fieldset>\n<legend class=\"frm_screen_reader\">Contact<\/legend>\n\n<div class=\"frm_fields_container\">\n<input type=\"hidden\" name=\"frm_action\" value=\"create\" \/>\n<input type=\"hidden\" name=\"form_id\" value=\"2\" \/>\n<input type=\"hidden\" name=\"frm_hide_fields_2\" id=\"frm_hide_fields_2\" value=\"\" \/>\n<input type=\"hidden\" name=\"form_key\" value=\"contact\" \/>\n<input type=\"hidden\" name=\"item_meta[0]\" value=\"\" \/>\n<input type=\"hidden\" id=\"frm_submit_entry_2\" name=\"frm_submit_entry_2\" value=\"9d912da176\" \/><input type=\"hidden\" name=\"_wp_http_referer\" value=\"\/index.php\/wp-json\/wp\/v2\/pages\/2\" \/><div id=\"frm_field_13_container\" class=\"frm_form_field form-field  frm_required_field frm_top_container\">\n\t<div  id=\"field_u6h29_label\" class=\"frm_primary_label\">Identit\u00e9\n\t\t<span class=\"frm_required\" aria-hidden=\"true\">*<\/span>\n\t<\/div>\n\t<fieldset aria-labelledby=\"field_u6h29_label\">\n\t<legend class=\"frm_screen_reader frm_hidden\">\n\t\tIdentit\u00e9\t<\/legend>\n\n\t<div  class=\"frm_combo_inputs_container\" id=\"frm_combo_inputs_container_13\" data-name-layout=\"first_last\">\n\t\t\t\t\t<div\n\t\t\t\tid=\"frm_field_13-first_container\"\n\t\t\t\tclass=\"frm_form_field form-field frm_form_subfield-first  frm6\"\n\t\t\t\tdata-sub-field-name=\"first\"\n\t\t\t>\n\t\t\t\t<label for=\"field_u6h29_first\" class=\"frm_screen_reader frm_hidden\">\n\t\t\t\t\tPr\u00e9nom\t\t\t\t<\/label>\n\n\t\t\t\t\t\t\t\t\t\t<input\n\t\t\t\t\t\t\ttype=\"text\"\n\t\t\t\t\t\t\tid=\"field_u6h29_first\"\n\t\t\t\t\t\t\tvalue=\"\"\n\t\t\t\t\t\t\tname=\"item_meta[13][first]\"  data-reqmsg=\"Identit\u00e9 ne peut pas \u00eatre vide.\" aria-required=\"true\" data-invmsg=\"Identit\u00e9 is invalid\" aria-invalid=\"false\"  \t\t\t\t\t\t\/>\n\t\t\t\t\t\t<div class=\"frm_description\" id=\"frm_field_13_first_desc\">Pr\u00e9nom<\/div>\t\t\t<\/div>\n\t\t\t\t\t\t<div\n\t\t\t\tid=\"frm_field_13-last_container\"\n\t\t\t\tclass=\"frm_form_field form-field frm_form_subfield-last  frm6\"\n\t\t\t\tdata-sub-field-name=\"last\"\n\t\t\t>\n\t\t\t\t<label for=\"field_u6h29_last\" class=\"frm_screen_reader frm_hidden\">\n\t\t\t\t\tNom\t\t\t\t<\/label>\n\n\t\t\t\t\t\t\t\t\t\t<input\n\t\t\t\t\t\t\ttype=\"text\"\n\t\t\t\t\t\t\tid=\"field_u6h29_last\"\n\t\t\t\t\t\t\tvalue=\"\"\n\t\t\t\t\t\t\tname=\"item_meta[13][last]\"  data-reqmsg=\"Identit\u00e9 ne peut pas \u00eatre vide.\" aria-required=\"true\" data-invmsg=\"Identit\u00e9 is invalid\" aria-invalid=\"false\"  \t\t\t\t\t\t\/>\n\t\t\t\t\t\t<div class=\"frm_description\" id=\"frm_field_13_last_desc\">Nom<\/div>\t\t\t<\/div>\n\t\t\t\t<\/div>\n<\/fieldset>\n\n\t\n\t\n<\/div>\n<div id=\"frm_field_10_container\" class=\"frm_form_field form-field  frm_required_field frm_top_container frm_two_thirds\">\n\t<label for=\"field_l9f58\" id=\"field_l9f58_label\" class=\"frm_primary_label\">E-mail\n\t\t<span class=\"frm_required\" aria-hidden=\"true\">*<\/span>\n\t<\/label>\n\t<input type=\"email\" id=\"field_l9f58\" name=\"item_meta[10]\" value=\"\"  data-reqmsg=\"E-mail ne peut pas \u00eatre vide.\" aria-required=\"true\" data-invmsg=\"E-mail est non valide\" aria-invalid=\"false\"  \/>\n\t\n\t\n<\/div>\n<div id=\"frm_field_17_container\" class=\"frm_form_field form-field  frm_required_field frm_top_container frm_third frm_alignright\">\n\t<label for=\"field_dmphw\" id=\"field_dmphw_label\" class=\"frm_primary_label\">Code postal\n\t\t<span class=\"frm_required\" aria-hidden=\"true\">*<\/span>\n\t<\/label>\n\t<input type=\"number\" id=\"field_dmphw\" name=\"item_meta[17]\" value=\"\"  data-reqmsg=\"Code postal ne peut pas \u00eatre vide.\" aria-required=\"true\" data-invmsg=\"Code postal est non valide\" aria-invalid=\"false\"   min=\"0\" max=\"100000\" step=\"any\"\/>\n\t\n\t\n<\/div>\n<div id=\"frm_field_11_container\" class=\"frm_form_field form-field  frm_top_container\">\n\t<label for=\"field_9m3kr\" id=\"field_9m3kr_label\" class=\"frm_primary_label\">Message\n\t\t<span class=\"frm_required\" aria-hidden=\"true\"><\/span>\n\t<\/label>\n\t<textarea name=\"item_meta[11]\" id=\"field_9m3kr\" rows=\"5\"  data-invmsg=\"Message is invalid\" aria-invalid=\"false\"  ><\/textarea>\n\t\n\t\n<\/div>\n<div id=\"frm_field_14_container\" class=\"frm_form_field form-field  frm_required_field frm_top_container vertical_radio\">\n\t<div  id=\"field_1kfjt_label\" class=\"frm_primary_label\">\n\t\t<span class=\"frm_required\" aria-hidden=\"true\">*<\/span>\n\t<\/div>\n\t<div class=\"frm_opt_container\" aria-labelledby=\"field_1kfjt_label\" role=\"group\">\t\t<div class=\"frm_checkbox\" id=\"frm_checkbox_14-0\">\t\t\t<label  for=\"field_1kfjt-0\">\n\t\t\t<input type=\"checkbox\" name=\"item_meta[14][]\" id=\"field_1kfjt-0\" value=\"J&#039;autorise Les \u00c9cologistes Rh\u00f4ne Alpes \u00e0 utiliser mes donn\u00e9es et me recontacter afin de me tenir inform\u00e9\u00b7e des \u00e9venements et r\u00e9sultats de la Grande \u00c9coute\"  data-reqmsg=\"This field ne peut pas \u00eatre vide.\" data-invmsg=\"This field est non valide\" aria-invalid=\"false\"   aria-required=\"true\"  \/> J&#8217;autorise Les \u00c9cologistes Rh\u00f4ne Alpes \u00e0 utiliser mes donn\u00e9es et me recontacter afin de me tenir inform\u00e9\u00b7e des \u00e9venements et r\u00e9sultats de la Grande \u00c9coute<\/label><\/div>\n<\/div>\n\t\n\t\n<\/div>\n<div id=\"frm_field_15_container\" class=\"frm_form_field form-field  frm_top_container vertical_radio\">\n\t<div  id=\"field_biooa_label\" class=\"frm_primary_label\">Compl\u00e9ment\n\t\t<span class=\"frm_required\" aria-hidden=\"true\"><\/span>\n\t<\/div>\n\t<div class=\"frm_opt_container\" aria-labelledby=\"field_biooa_label\" role=\"group\">\t\t<div class=\"frm_checkbox\" id=\"frm_checkbox_15-0\">\t\t\t<label  for=\"field_biooa-0\">\n\t\t\t<input type=\"checkbox\" name=\"item_meta[15][]\" id=\"field_biooa-0\" value=\"Je souhaite \u00eatre recontact\u00e9\u00b7e par Les \u00c9cologistes Rh\u00f4ne Alpes dans le cadre de la campagne Municipale 2026\"  data-invmsg=\"Compl\u00e9ment est non valide\" aria-invalid=\"false\"   \/> Je souhaite \u00eatre recontact\u00e9\u00b7e par Les \u00c9cologistes Rh\u00f4ne Alpes dans le cadre de la campagne Municipale 2026<\/label><\/div>\n\t\t<div class=\"frm_checkbox\" id=\"frm_checkbox_15-1\">\t\t\t<label  for=\"field_biooa-1\">\n\t\t\t<input type=\"checkbox\" name=\"item_meta[15][]\" id=\"field_biooa-1\" value=\"Je souhaite \u00eatre recontact\u00e9\u00b7e par Les \u00c9cologistes Rh\u00f4ne Alpes dans le cadre de ses actions afin de rencontrer des militant\u00b7e\u00b7s proche de chez moi\"  data-invmsg=\"Compl\u00e9ment est non valide\" aria-invalid=\"false\"   \/> Je souhaite \u00eatre recontact\u00e9\u00b7e par Les \u00c9cologistes Rh\u00f4ne Alpes dans le cadre de ses actions afin de rencontrer des militant\u00b7e\u00b7s proche de chez moi<\/label><\/div>\n<\/div>\n\t\n\t\n<\/div>\n<div id=\"frm_field_12_container\" class=\"frm_form_field form-field  frm_none_container\">\n\t<label for=\"h-captcha-response\" id=\"field_s0p8z_label\" class=\"frm_primary_label\">Captcha\n\t\t<span class=\"frm_required\" aria-hidden=\"true\"><\/span>\n\t<\/label>\n\t<div  id=\"field_s0p8z\" class=\"h-captcha\" data-sitekey=\"e83a2efc-948e-45fe-8648-ee7450240424\" data-size=\"normal\" data-theme=\"light\"><\/div>\n\t\n\t\n<\/div>\n<div id=\"frm_field_6_container\" class=\"frm_form_field form-field \">\n\t<div class=\"frm_submit frm_flex\">\n<button class=\"frm_button_submit\" type=\"submit\"  >Envoyer<\/button>\n\n\n\n<\/div>\n<\/div>\n\t<input type=\"hidden\" name=\"item_key\" value=\"\" \/>\n\t\t\t<div id=\"frm_field_18_container\">\n\t\t\t<label for=\"field_a18w5\" >\n\t\t\t\tIf you are human, leave this field blank.\t\t\t<\/label>\n\t\t\t<input  id=\"field_a18w5\" type=\"text\" class=\"frm_form_field form-field frm_verify\" name=\"item_meta[18]\" value=\"\"  \/>\n\t\t<\/div>\n\t\t<input name=\"frm_state\" type=\"hidden\" value=\"8jAiOE2sZFctBjpWhymmoCzwowvx\/gkcRygakVTvVtk=\" \/><\/div>\n<\/fieldset>\n<\/div>\n\n<\/form>\n<\/div>\n","protected":false},"excerpt":{"rendered":"<p>Les \u00c9cologistes de Lyon lancent l&#8217;op\u00e9ration &#8220;La Grande \u00c9coute&#8221;, une d\u00e9marche citoyenne qui se d\u00e9roulera de d\u00e9but juillet \u00e0 d\u00e9but octobre 2025. L&#8217;op\u00e9ration L&#8217;objectif est d&#8217;aller \u00e0 la rencontre des &hellip; <\/p>\n<p class=\"link-more\"><a href=\"https:\/\/grande-ecoute-lyon.fr\/\" class=\"more-link\">Read more<span class=\"screen-reader-text\"> &#8220;&#8220;La Grande \u00c9coute&#8221; \u00e0 Lyon&#8221;<\/span><\/a><\/p>\n","protected":false},"author":1,"featured_media":0,"parent":0,"menu_order":0,"comment_status":"closed","ping_status":"open","template":"","meta":{"footnotes":""},"class_list":["post-2","page","type-page","status-publish","hentry"],"_links":{"self":[{"href":"https:\/\/grande-ecoute-lyon.fr\/index.php\/wp-json\/wp\/v2\/pages\/2","targetHints":{"allow":["GET"]}}],"collection":[{"href":"https:\/\/grande-ecoute-lyon.fr\/index.php\/wp-json\/wp\/v2\/pages"}],"about":[{"href":"https:\/\/grande-ecoute-lyon.fr\/index.php\/wp-json\/wp\/v2\/types\/page"}],"author":[{"embeddable":true,"href":"https:\/\/grande-ecoute-lyon.fr\/index.php\/wp-json\/wp\/v2\/users\/1"}],"replies":[{"embeddable":true,"href":"https:\/\/grande-ecoute-lyon.fr\/index.php\/wp-json\/wp\/v2\/comments?post=2"}],"version-history":[{"count":10,"href":"https:\/\/grande-ecoute-lyon.fr\/index.php\/wp-json\/wp\/v2\/pages\/2\/revisions"}],"predecessor-version":[{"id":82,"href":"https:\/\/grande-ecoute-lyon.fr\/index.php\/wp-json\/wp\/v2\/pages\/2\/revisions\/82"}],"wp:attachment":[{"href":"https:\/\/grande-ecoute-lyon.fr\/index.php\/wp-json\/wp\/v2\/media?parent=2"}],"curies":[{"name":"wp","href":"https:\/\/api.w.org\/{rel}","templated":true}]}}